{"id":2431,"date":"2021-10-20T11:48:28","date_gmt":"2021-10-20T09:48:28","guid":{"rendered":"https:\/\/pactozero.com\/politica-de-cookies\/"},"modified":"2024-04-29T10:30:08","modified_gmt":"2024-04-29T08:30:08","slug":"politica-de-cookies","status":"publish","type":"page","link":"https:\/\/pactozero.com\/ca\/politica-de-cookies\/","title":{"rendered":"Pol\u00edtica de Cookies"},"content":{"rendered":"<p>[et_pb_section fb_built=&#8221;1&#8243; admin_label=&#8221;section&#8221; _builder_version=&#8221;3.22&#8243; global_colors_info=&#8221;{}&#8221;][et_pb_row admin_label=&#8221;row&#8221; _builder_version=&#8221;3.25&#8243; background_size=&#8221;initial&#8221; background_position=&#8221;top_left&#8221; background_repeat=&#8221;repeat&#8221; global_colors_info=&#8221;{}&#8221;][et_pb_column type=&#8221;4_4&#8243; _builder_version=&#8221;3.25&#8243; custom_padding=&#8221;|||&#8221; global_colors_info=&#8221;{}&#8221; custom_padding__hover=&#8221;|||&#8221;][et_pb_text admin_label=&#8221;Text&#8221; _builder_version=&#8221;4.11.2&#8243; background_size=&#8221;initial&#8221; background_position=&#8221;top_left&#8221; background_repeat=&#8221;repeat&#8221; hover_enabled=&#8221;0&#8243; global_colors_info=&#8221;{}&#8221; sticky_enabled=&#8221;0&#8243;]<\/p>\n<h3>POLITICA DE COOKIES<\/h3>\n<p>Les cookies s\u00f3n petites quantitats d&#8217;informaci\u00f3 que s&#8217;emmagatzemen en el navegador utilitzat per cada usuari perqu\u00e8 el servidor recordi una certa informaci\u00f3 que posteriorment pugui utilitzar.<\/p>\n<h4>TIPUS DE COOKIES QUE UTILITZEM<\/h4>\n<p>Aquesta p\u00e0gina web utilitza cookies de tercers que s\u00f3n aquelles que s&#8217;envien al teu ordinador o terminal des d&#8217;un domini o una p\u00e0gina web que no \u00e9s gestionada per nosaltres, sin\u00f3 per una altra entitat que tracta les dades obtingudes a trav\u00e9s de les cookies.<\/p>\n<p>En aquest cas les Cookies s\u00f3n utilitzades amb finalitats estad\u00edstics relacionats amb les visites que rep i les p\u00e0gines que es consulten, quedant acceptat el seu \u00fas en navegar per ella.<\/p>\n<figure class=\"wp-block-table\">\n<table>\n<tbody>\n<tr>\n<th>COOKIE<br \/>\n(I PROVEEDOR)<\/th>\n<th>DURACI\u00d3<\/th>\n<th>DESCRIPCI\u00d3<\/th>\n<\/tr>\n<tr>\n<td>personalization_id (twitter.com)<\/td>\n<td>Sessi\u00f3<\/td>\n<td>Twitter<\/td>\n<\/tr>\n<tr>\n<td>Facebook<\/td>\n<td>Publicitat, estad\u00edstiques i mesuraments<\/td>\n<td>Col\u00b7loca Cookies en l&#8217;ordinador o dispositiu i rep la informaci\u00f3 emmagatzemada en elles quan utilitzes o visites serveis prestats per altres empreses que utilitzen els serveis de Facebook.<\/td>\n<\/tr>\n<tr>\n<td>_ga (Google)<\/td>\n<td>2 anys<\/td>\n<td>S&#8217;usa per a distingir als usuaris.<\/td>\n<\/tr>\n<tr>\n<td>_gid (Google)<\/td>\n<td>24 horas<\/td>\n<td>S&#8217;usa per a distingir als usuaris.<\/td>\n<\/tr>\n<tr>\n<td>_gat (Google)<\/td>\n<td>1 minut<\/td>\n<td>S&#8217;usa per a limitar el percentatge de sol\u00b7licituds. Si has implementat Google Analytics mitjan\u00e7ant Google Tag Manager, aquesta cookie es dir\u00e0 _dc_*gtm_&lt;property-aneu&gt;.<\/td>\n<\/tr>\n<tr>\n<td>_gali (Google)<\/td>\n<td>30s<\/td>\n<td>Atribuci\u00f3 d&#8217;enlla\u00e7 millorada.<\/td>\n<\/tr>\n<tr>\n<td>_unam (SHARETHIS)<\/td>\n<td>Persistent<\/td>\n<td>La seva finalitat \u00e9s quantificar el nombre d&#8217;Usuaris que comparteixen un determinat contingut i quantes p\u00e0gines web s\u00f3n visitades arran d&#8217;aquesta acci\u00f3.<\/td>\n<\/tr>\n<tr>\n<td>WordPress<\/td>\n<td>2 anys<\/td>\n<td>Utilitzat per al correcte funcionament del gestor de contingut WordPress.<\/td>\n<\/tr>\n<\/tbody>\n<\/table>\n<\/figure>\n<p>Si desitja m\u00e9s informaci\u00f3 m\u00e9s sobre els tipus de cookies de seguiment i an\u00e0lisi de dades de Google <a href=\"https:\/\/www.google.com\/intl\/es_es\/policies\/technologies\/types\/\" class=\"rank-math-link\" target=\"_blank\" rel=\"noopener\"> faci clic aqu\u00ed<\/a>.<\/p>\n<p>Per a informar-se sobre com eliminar les cookies del seu explorador:<\/p>\n<ul>\n<li><a href=\"https:\/\/support.mozilla.org\/es\/kb\/habilitar-y-deshabilitar-cookies-sitios-web-rastrear-preferencias\" class=\"rank-math-link\" target=\"_blank\" rel=\"noopener\">Firefox<\/a><\/li>\n<li><a href=\"https:\/\/support.google.com\/chrome\/answer\/95647?hl=es\" class=\"rank-math-link\" target=\"_blank\" rel=\"noopener\">Chrome<\/a><\/li>\n<li><a href=\"https:\/\/support.microsoft.com\/es-es\/topic\/eliminar-y-administrar-cookies-168dab11-0753-043d-7c16-ede5947fc64d\" class=\"rank-math-link\" target=\"_blank\" rel=\"noopener\">Internet Explorer<\/a><\/li>\n<li><a href=\"https:\/\/support.apple.com\/kb\/PH19214?viewlocale=es_ES&amp;locale=es_ES\" class=\"rank-math-link\" target=\"_blank\" rel=\"noopener\">Safari<\/a><\/li>\n<li><a href=\"https:\/\/www.allaboutcookies.org\/es\/administrar-las-cookies\/opera.html\" class=\"rank-math-link\" target=\"_blank\" rel=\"noopener\">Opera<\/a><\/li>\n<\/ul>\n<p>&nbsp;<\/p>\n<p>&nbsp;<\/p>\n<p><!-- \/divi:paragraph -->[\/et_pb_text][\/et_pb_column][\/et_pb_row][\/et_pb_section]<\/p>\n","protected":false},"excerpt":{"rendered":"<p>POLITICA DE COOKIES Les cookies s\u00f3n petites quantitats d&#8217;informaci\u00f3 que s&#8217;emmagatzemen en el navegador utilitzat per cada usuari perqu\u00e8 el servidor recordi una certa informaci\u00f3 que posteriorment pugui utilitzar. TIPUS DE COOKIES QUE UTILITZEM Aquesta p\u00e0gina web utilitza cookies de tercers que s\u00f3n aquelles que s&#8217;envien al teu ordinador o terminal des d&#8217;un domini o [&hellip;]<\/p>\n","protected":false},"author":3,"featured_media":0,"parent":0,"menu_order":0,"comment_status":"closed","ping_status":"closed","template":"","meta":{"_et_pb_use_builder":"on","_et_pb_old_content":"","_et_gb_content_width":"","footnotes":""},"class_list":["post-2431","page","type-page","status-publish","hentry"],"yoast_head":"<!-- This site is optimized with the Yoast SEO plugin v27.4 - https:\/\/yoast.com\/product\/yoast-seo-wordpress\/ -->\n<title>Pol\u00edtica de Cookies - PactoZero | Envases reutilizables para un residuo zero<\/title>\n<meta name=\"robots\" content=\"index, follow, max-snippet:-1, max-image-preview:large, max-video-preview:-1\" \/>\n<link rel=\"canonical\" href=\"https:\/\/pactozero.com\/ca\/politica-de-cookies\/\" \/>\n<meta property=\"og:locale\" content=\"ca_ES\" \/>\n<meta property=\"og:type\" content=\"article\" \/>\n<meta property=\"og:title\" content=\"Pol\u00edtica de Cookies - PactoZero | Envases reutilizables para un residuo zero\" \/>\n<meta property=\"og:description\" content=\"POLITICA DE COOKIES Les cookies s\u00f3n petites quantitats d&#039;informaci\u00f3 que s&#039;emmagatzemen en el navegador utilitzat per cada usuari perqu\u00e8 el servidor recordi una certa informaci\u00f3 que posteriorment pugui utilitzar. TIPUS DE COOKIES QUE UTILITZEM Aquesta p\u00e0gina web utilitza cookies de tercers que s\u00f3n aquelles que s&#039;envien al teu ordinador o terminal des d&#039;un domini o [&hellip;]\" \/>\n<meta property=\"og:url\" content=\"https:\/\/pactozero.com\/ca\/politica-de-cookies\/\" \/>\n<meta property=\"og:site_name\" content=\"PactoZero | Envases reutilizables para un residuo zero\" \/>\n<meta property=\"article:modified_time\" content=\"2024-04-29T08:30:08+00:00\" \/>\n<meta name=\"twitter:card\" content=\"summary_large_image\" \/>\n<meta name=\"twitter:label1\" content=\"Temps estimat de lectura\" \/>\n\t<meta name=\"twitter:data1\" content=\"2 minuts\" \/>\n<script type=\"application\/ld+json\" class=\"yoast-schema-graph\">{\"@context\":\"https:\\\/\\\/schema.org\",\"@graph\":[{\"@type\":\"WebPage\",\"@id\":\"https:\\\/\\\/pactozero.com\\\/ca\\\/politica-de-cookies\\\/\",\"url\":\"https:\\\/\\\/pactozero.com\\\/ca\\\/politica-de-cookies\\\/\",\"name\":\"Pol\u00edtica de Cookies - PactoZero | Envases reutilizables para un residuo zero\",\"isPartOf\":{\"@id\":\"https:\\\/\\\/pactozero.com\\\/ca\\\/#website\"},\"datePublished\":\"2021-10-20T09:48:28+00:00\",\"dateModified\":\"2024-04-29T08:30:08+00:00\",\"breadcrumb\":{\"@id\":\"https:\\\/\\\/pactozero.com\\\/ca\\\/politica-de-cookies\\\/#breadcrumb\"},\"inLanguage\":\"ca\",\"potentialAction\":[{\"@type\":\"ReadAction\",\"target\":[\"https:\\\/\\\/pactozero.com\\\/ca\\\/politica-de-cookies\\\/\"]}]},{\"@type\":\"BreadcrumbList\",\"@id\":\"https:\\\/\\\/pactozero.com\\\/ca\\\/politica-de-cookies\\\/#breadcrumb\",\"itemListElement\":[{\"@type\":\"ListItem\",\"position\":1,\"name\":\"Portada\",\"item\":\"https:\\\/\\\/pactozero.com\\\/ca\\\/\"},{\"@type\":\"ListItem\",\"position\":2,\"name\":\"Pol\u00edtica de Cookies\"}]},{\"@type\":\"WebSite\",\"@id\":\"https:\\\/\\\/pactozero.com\\\/ca\\\/#website\",\"url\":\"https:\\\/\\\/pactozero.com\\\/ca\\\/\",\"name\":\"PactoZero | Sistemas de reutilizaci\u00f3n de envases para un residuo zero\",\"description\":\"PactoZero | Envases reutilizables para un residuo zero\",\"publisher\":{\"@id\":\"https:\\\/\\\/pactozero.com\\\/ca\\\/#organization\"},\"potentialAction\":[{\"@type\":\"SearchAction\",\"target\":{\"@type\":\"EntryPoint\",\"urlTemplate\":\"https:\\\/\\\/pactozero.com\\\/ca\\\/?s={search_term_string}\"},\"query-input\":{\"@type\":\"PropertyValueSpecification\",\"valueRequired\":true,\"valueName\":\"search_term_string\"}}],\"inLanguage\":\"ca\"},{\"@type\":\"Organization\",\"@id\":\"https:\\\/\\\/pactozero.com\\\/ca\\\/#organization\",\"name\":\"PactoZero | Envases reutilizables para un residuo zero\",\"url\":\"https:\\\/\\\/pactozero.com\\\/ca\\\/\",\"logo\":{\"@type\":\"ImageObject\",\"inLanguage\":\"ca\",\"@id\":\"https:\\\/\\\/pactozero.com\\\/ca\\\/#\\\/schema\\\/logo\\\/image\\\/\",\"url\":\"https:\\\/\\\/pactozero.com\\\/wp-content\\\/uploads\\\/2022\\\/09\\\/renovation-PactoZero.png\",\"contentUrl\":\"https:\\\/\\\/pactozero.com\\\/wp-content\\\/uploads\\\/2022\\\/09\\\/renovation-PactoZero.png\",\"width\":903,\"height\":221,\"caption\":\"PactoZero | Envases reutilizables para un residuo zero\"},\"image\":{\"@id\":\"https:\\\/\\\/pactozero.com\\\/ca\\\/#\\\/schema\\\/logo\\\/image\\\/\"},\"sameAs\":[\"https:\\\/\\\/www.instagram.com\\\/pactozero\"]}]}<\/script>\n<!-- \/ Yoast SEO plugin. -->","yoast_head_json":{"title":"Pol\u00edtica de Cookies - PactoZero | Envases reutilizables para un residuo zero","robots":{"index":"index","follow":"follow","max-snippet":"max-snippet:-1","max-image-preview":"max-image-preview:large","max-video-preview":"max-video-preview:-1"},"canonical":"https:\/\/pactozero.com\/ca\/politica-de-cookies\/","og_locale":"ca_ES","og_type":"article","og_title":"Pol\u00edtica de Cookies - PactoZero | Envases reutilizables para un residuo zero","og_description":"POLITICA DE COOKIES Les cookies s\u00f3n petites quantitats d'informaci\u00f3 que s'emmagatzemen en el navegador utilitzat per cada usuari perqu\u00e8 el servidor recordi una certa informaci\u00f3 que posteriorment pugui utilitzar. TIPUS DE COOKIES QUE UTILITZEM Aquesta p\u00e0gina web utilitza cookies de tercers que s\u00f3n aquelles que s'envien al teu ordinador o terminal des d'un domini o [&hellip;]","og_url":"https:\/\/pactozero.com\/ca\/politica-de-cookies\/","og_site_name":"PactoZero | Envases reutilizables para un residuo zero","article_modified_time":"2024-04-29T08:30:08+00:00","twitter_card":"summary_large_image","twitter_misc":{"Temps estimat de lectura":"2 minuts"},"schema":{"@context":"https:\/\/schema.org","@graph":[{"@type":"WebPage","@id":"https:\/\/pactozero.com\/ca\/politica-de-cookies\/","url":"https:\/\/pactozero.com\/ca\/politica-de-cookies\/","name":"Pol\u00edtica de Cookies - PactoZero | Envases reutilizables para un residuo zero","isPartOf":{"@id":"https:\/\/pactozero.com\/ca\/#website"},"datePublished":"2021-10-20T09:48:28+00:00","dateModified":"2024-04-29T08:30:08+00:00","breadcrumb":{"@id":"https:\/\/pactozero.com\/ca\/politica-de-cookies\/#breadcrumb"},"inLanguage":"ca","potentialAction":[{"@type":"ReadAction","target":["https:\/\/pactozero.com\/ca\/politica-de-cookies\/"]}]},{"@type":"BreadcrumbList","@id":"https:\/\/pactozero.com\/ca\/politica-de-cookies\/#breadcrumb","itemListElement":[{"@type":"ListItem","position":1,"name":"Portada","item":"https:\/\/pactozero.com\/ca\/"},{"@type":"ListItem","position":2,"name":"Pol\u00edtica de Cookies"}]},{"@type":"WebSite","@id":"https:\/\/pactozero.com\/ca\/#website","url":"https:\/\/pactozero.com\/ca\/","name":"PactoZero | Sistemas de reutilizaci\u00f3n de envases para un residuo zero","description":"PactoZero | Envases reutilizables para un residuo zero","publisher":{"@id":"https:\/\/pactozero.com\/ca\/#organization"},"potentialAction":[{"@type":"SearchAction","target":{"@type":"EntryPoint","urlTemplate":"https:\/\/pactozero.com\/ca\/?s={search_term_string}"},"query-input":{"@type":"PropertyValueSpecification","valueRequired":true,"valueName":"search_term_string"}}],"inLanguage":"ca"},{"@type":"Organization","@id":"https:\/\/pactozero.com\/ca\/#organization","name":"PactoZero | Envases reutilizables para un residuo zero","url":"https:\/\/pactozero.com\/ca\/","logo":{"@type":"ImageObject","inLanguage":"ca","@id":"https:\/\/pactozero.com\/ca\/#\/schema\/logo\/image\/","url":"https:\/\/pactozero.com\/wp-content\/uploads\/2022\/09\/renovation-PactoZero.png","contentUrl":"https:\/\/pactozero.com\/wp-content\/uploads\/2022\/09\/renovation-PactoZero.png","width":903,"height":221,"caption":"PactoZero | Envases reutilizables para un residuo zero"},"image":{"@id":"https:\/\/pactozero.com\/ca\/#\/schema\/logo\/image\/"},"sameAs":["https:\/\/www.instagram.com\/pactozero"]}]}},"_links":{"self":[{"href":"https:\/\/pactozero.com\/ca\/wp-json\/wp\/v2\/pages\/2431","targetHints":{"allow":["GET"]}}],"collection":[{"href":"https:\/\/pactozero.com\/ca\/wp-json\/wp\/v2\/pages"}],"about":[{"href":"https:\/\/pactozero.com\/ca\/wp-json\/wp\/v2\/types\/page"}],"author":[{"embeddable":true,"href":"https:\/\/pactozero.com\/ca\/wp-json\/wp\/v2\/users\/3"}],"replies":[{"embeddable":true,"href":"https:\/\/pactozero.com\/ca\/wp-json\/wp\/v2\/comments?post=2431"}],"version-history":[{"count":5,"href":"https:\/\/pactozero.com\/ca\/wp-json\/wp\/v2\/pages\/2431\/revisions"}],"predecessor-version":[{"id":2436,"href":"https:\/\/pactozero.com\/ca\/wp-json\/wp\/v2\/pages\/2431\/revisions\/2436"}],"wp:attachment":[{"href":"https:\/\/pactozero.com\/ca\/wp-json\/wp\/v2\/media?parent=2431"}],"curies":[{"name":"wp","href":"https:\/\/api.w.org\/{rel}","templated":true}]}}